{"id":19085,"date":"2024-12-02T17:05:05","date_gmt":"2024-12-02T20:05:05","guid":{"rendered":"https:\/\/pinguinosexp.com\/reserve-agora-expedicoes-de-pinguins-expedicoes-de-pinguins\/"},"modified":"2024-12-03T17:03:25","modified_gmt":"2024-12-03T20:03:25","slug":"reserve-agora-expedicoes-de-pinguins-expedicoes-de-pinguins","status":"publish","type":"page","link":"https:\/\/pinguinosexp.com\/pt-br\/reserve-agora-expedicoes-de-pinguins-expedicoes-de-pinguins\/","title":{"rendered":"Reserve agora | Expedi\u00e7\u00f5es de pinguins | Expedi\u00e7\u00f5es de pinguins"},"content":{"rendered":"\t\t<div data-elementor-type=\"wp-page\" data-elementor-id=\"19085\" class=\"elementor elementor-19085 elementor-19032\" data-elementor-post-type=\"page\">\n\t\t\t\t<div class=\"elementor-element elementor-element-2f4107e e-flex e-con-boxed e-con e-parent\" data-id=\"2f4107e\" data-element_type=\"container\" data-e-type=\"container\">\n\t\t\t\t\t<div class=\"e-con-inner\">\n\t\t\t\t<div class=\"elementor-element elementor-element-cdfac06 elementor-widget elementor-widget-heading\" data-id=\"cdfac06\" data-element_type=\"widget\" data-e-type=\"widget\" data-widget_type=\"heading.default\">\n\t\t\t\t<div class=\"elementor-widget-container\">\n\t\t\t\t\t<h1 class=\"elementor-heading-title elementor-size-default\">Vamos come\u00e7ar a planejar sua pr\u00f3xima aventura conosco agora.<\/h1>\t\t\t\t<\/div>\n\t\t\t\t<\/div>\n\t\t\t\t\t<\/div>\n\t\t\t\t<\/div>\n\t\t<div class=\"elementor-element elementor-element-fb80344 e-con-full e-flex e-con e-parent\" data-id=\"fb80344\" data-element_type=\"container\" data-e-type=\"container\">\n\t\t\t\t<div class=\"elementor-element elementor-element-77843f2 elementor-widget elementor-widget-html\" data-id=\"77843f2\" data-element_type=\"widget\" data-e-type=\"widget\" data-widget_type=\"html.default\">\n\t\t\t\t<div class=\"elementor-widget-container\">\n\t\t\t\t\t<div class=\"_form_1\"><\/div><script src=\"https:\/\/pinguinosexp.activehosted.com\/f\/embed.php?id=1\" charset=\"utf-8\"><\/script>\t\t\t\t<\/div>\n\t\t\t\t<\/div>\n\t\t\t\t<\/div>\n\t\t\t\t<\/div>\n\t\t","protected":false},"excerpt":{"rendered":"<p>Vamos come\u00e7ar a planejar sua pr\u00f3xima aventura conosco agora.<\/p>\n","protected":false},"author":1,"featured_media":0,"parent":0,"menu_order":0,"comment_status":"closed","ping_status":"closed","template":"elementor_header_footer","meta":{"footnotes":""},"class_list":["post-19085","page","type-page","status-publish","has-post-thumbnail","hentry"],"yoast_head":"<!-- This site is optimized with the Yoast SEO Premium plugin v26.2 (Yoast SEO v27.2) - https:\/\/yoast.com\/product\/yoast-seo-premium-wordpress\/ -->\n<title>Reserve agora | Expedi\u00e7\u00f5es de pinguins | Expedi\u00e7\u00f5es de pinguins - Ping\u00fcinos Expediciones | Tours y Viajes a la Patagonia<\/title>\n<meta name=\"robots\" content=\"index, follow, max-snippet:-1, max-image-preview:large, max-video-preview:-1\" \/>\n<link rel=\"canonical\" href=\"https:\/\/pinguinosexp.com\/pt-br\/reserve-agora-expedicoes-de-pinguins-expedicoes-de-pinguins\/\" \/>\n<meta property=\"og:locale\" content=\"pt_BR\" \/>\n<meta property=\"og:type\" content=\"article\" \/>\n<meta property=\"og:title\" content=\"Reserve agora | Expedi\u00e7\u00f5es de pinguins | Expedi\u00e7\u00f5es de pinguins\" \/>\n<meta property=\"og:description\" content=\"Vamos come\u00e7ar a planejar sua pr\u00f3xima aventura conosco agora.\" \/>\n<meta property=\"og:url\" content=\"https:\/\/pinguinosexp.com\/pt-br\/reserve-agora-expedicoes-de-pinguins-expedicoes-de-pinguins\/\" \/>\n<meta property=\"og:site_name\" content=\"Ping\u00fcinos Expediciones | Tours y Viajes a la Patagonia\" \/>\n<meta property=\"article:publisher\" content=\"https:\/\/www.facebook.com\/pinguinosexpediciones\" \/>\n<meta property=\"article:modified_time\" content=\"2024-12-03T20:03:25+00:00\" \/>\n<meta name=\"twitter:card\" content=\"summary_large_image\" \/>\n<script type=\"application\/ld+json\" class=\"yoast-schema-graph\">{\"@context\":\"https:\/\/schema.org\",\"@graph\":[{\"@type\":\"WebPage\",\"@id\":\"https:\/\/pinguinosexp.com\/pt-br\/reserve-agora-expedicoes-de-pinguins-expedicoes-de-pinguins\/\",\"url\":\"https:\/\/pinguinosexp.com\/pt-br\/reserve-agora-expedicoes-de-pinguins-expedicoes-de-pinguins\/\",\"name\":\"Reserve agora | Expedi\u00e7\u00f5es de pinguins | Expedi\u00e7\u00f5es de pinguins - Ping\u00fcinos Expediciones | Tours y Viajes a la Patagonia\",\"isPartOf\":{\"@id\":\"https:\/\/pinguinosexp.com\/pt-br\/#website\"},\"datePublished\":\"2024-12-02T20:05:05+00:00\",\"dateModified\":\"2024-12-03T20:03:25+00:00\",\"breadcrumb\":{\"@id\":\"https:\/\/pinguinosexp.com\/pt-br\/reserve-agora-expedicoes-de-pinguins-expedicoes-de-pinguins\/#breadcrumb\"},\"inLanguage\":\"pt-BR\",\"potentialAction\":[{\"@type\":\"ReadAction\",\"target\":[\"https:\/\/pinguinosexp.com\/pt-br\/reserve-agora-expedicoes-de-pinguins-expedicoes-de-pinguins\/\"]}]},{\"@type\":\"BreadcrumbList\",\"@id\":\"https:\/\/pinguinosexp.com\/pt-br\/reserve-agora-expedicoes-de-pinguins-expedicoes-de-pinguins\/#breadcrumb\",\"itemListElement\":[{\"@type\":\"ListItem\",\"position\":1,\"name\":\"Casa\",\"item\":\"https:\/\/pinguinosexp.com\/pt-br\/pagina-inicial\/\"},{\"@type\":\"ListItem\",\"position\":2,\"name\":\"Reserve agora | Expedi\u00e7\u00f5es de pinguins | Expedi\u00e7\u00f5es de pinguins\"}]},{\"@type\":\"WebSite\",\"@id\":\"https:\/\/pinguinosexp.com\/pt-br\/#website\",\"url\":\"https:\/\/pinguinosexp.com\/pt-br\/\",\"name\":\"Ping\u00fcinos Expediciones | Tours y Viajes a la Patagonia\",\"description\":\"\",\"publisher\":{\"@id\":\"https:\/\/pinguinosexp.com\/pt-br\/#organization\"},\"potentialAction\":[{\"@type\":\"SearchAction\",\"target\":{\"@type\":\"EntryPoint\",\"urlTemplate\":\"https:\/\/pinguinosexp.com\/pt-br\/?s={search_term_string}\"},\"query-input\":{\"@type\":\"PropertyValueSpecification\",\"valueRequired\":true,\"valueName\":\"search_term_string\"}}],\"inLanguage\":\"pt-BR\"},{\"@type\":\"Organization\",\"@id\":\"https:\/\/pinguinosexp.com\/pt-br\/#organization\",\"name\":\"Ping\u00fcinos Expediciones | Tours y Viajes a la Patagonia\",\"url\":\"https:\/\/pinguinosexp.com\/pt-br\/\",\"logo\":{\"@type\":\"ImageObject\",\"inLanguage\":\"pt-BR\",\"@id\":\"https:\/\/pinguinosexp.com\/pt-br\/#\/schema\/logo\/image\/\",\"url\":\"https:\/\/pinguinosexp.com\/wp-content\/uploads\/2022\/04\/logo-menu-2-1.png\",\"contentUrl\":\"https:\/\/pinguinosexp.com\/wp-content\/uploads\/2022\/04\/logo-menu-2-1.png\",\"width\":1174,\"height\":413,\"caption\":\"Ping\u00fcinos Expediciones | Tours y Viajes a la Patagonia\"},\"image\":{\"@id\":\"https:\/\/pinguinosexp.com\/pt-br\/#\/schema\/logo\/image\/\"},\"sameAs\":[\"https:\/\/www.facebook.com\/pinguinosexpediciones\",\"https:\/\/www.instagram.com\/pinguinosexpushuaia\"]}]}<\/script>\n<!-- \/ Yoast SEO Premium plugin. -->","yoast_head_json":{"title":"Reserve agora | Expedi\u00e7\u00f5es de pinguins | Expedi\u00e7\u00f5es de pinguins - Ping\u00fcinos Expediciones | Tours y Viajes a la Patagonia","robots":{"index":"index","follow":"follow","max-snippet":"max-snippet:-1","max-image-preview":"max-image-preview:large","max-video-preview":"max-video-preview:-1"},"canonical":"https:\/\/pinguinosexp.com\/pt-br\/reserve-agora-expedicoes-de-pinguins-expedicoes-de-pinguins\/","og_locale":"pt_BR","og_type":"article","og_title":"Reserve agora | Expedi\u00e7\u00f5es de pinguins | Expedi\u00e7\u00f5es de pinguins","og_description":"Vamos come\u00e7ar a planejar sua pr\u00f3xima aventura conosco agora.","og_url":"https:\/\/pinguinosexp.com\/pt-br\/reserve-agora-expedicoes-de-pinguins-expedicoes-de-pinguins\/","og_site_name":"Ping\u00fcinos Expediciones | Tours y Viajes a la Patagonia","article_publisher":"https:\/\/www.facebook.com\/pinguinosexpediciones","article_modified_time":"2024-12-03T20:03:25+00:00","twitter_card":"summary_large_image","schema":{"@context":"https:\/\/schema.org","@graph":[{"@type":"WebPage","@id":"https:\/\/pinguinosexp.com\/pt-br\/reserve-agora-expedicoes-de-pinguins-expedicoes-de-pinguins\/","url":"https:\/\/pinguinosexp.com\/pt-br\/reserve-agora-expedicoes-de-pinguins-expedicoes-de-pinguins\/","name":"Reserve agora | Expedi\u00e7\u00f5es de pinguins | Expedi\u00e7\u00f5es de pinguins - Ping\u00fcinos Expediciones | Tours y Viajes a la Patagonia","isPartOf":{"@id":"https:\/\/pinguinosexp.com\/pt-br\/#website"},"datePublished":"2024-12-02T20:05:05+00:00","dateModified":"2024-12-03T20:03:25+00:00","breadcrumb":{"@id":"https:\/\/pinguinosexp.com\/pt-br\/reserve-agora-expedicoes-de-pinguins-expedicoes-de-pinguins\/#breadcrumb"},"inLanguage":"pt-BR","potentialAction":[{"@type":"ReadAction","target":["https:\/\/pinguinosexp.com\/pt-br\/reserve-agora-expedicoes-de-pinguins-expedicoes-de-pinguins\/"]}]},{"@type":"BreadcrumbList","@id":"https:\/\/pinguinosexp.com\/pt-br\/reserve-agora-expedicoes-de-pinguins-expedicoes-de-pinguins\/#breadcrumb","itemListElement":[{"@type":"ListItem","position":1,"name":"Casa","item":"https:\/\/pinguinosexp.com\/pt-br\/pagina-inicial\/"},{"@type":"ListItem","position":2,"name":"Reserve agora | Expedi\u00e7\u00f5es de pinguins | Expedi\u00e7\u00f5es de pinguins"}]},{"@type":"WebSite","@id":"https:\/\/pinguinosexp.com\/pt-br\/#website","url":"https:\/\/pinguinosexp.com\/pt-br\/","name":"Ping\u00fcinos Expediciones | Tours y Viajes a la Patagonia","description":"","publisher":{"@id":"https:\/\/pinguinosexp.com\/pt-br\/#organization"},"potentialAction":[{"@type":"SearchAction","target":{"@type":"EntryPoint","urlTemplate":"https:\/\/pinguinosexp.com\/pt-br\/?s={search_term_string}"},"query-input":{"@type":"PropertyValueSpecification","valueRequired":true,"valueName":"search_term_string"}}],"inLanguage":"pt-BR"},{"@type":"Organization","@id":"https:\/\/pinguinosexp.com\/pt-br\/#organization","name":"Ping\u00fcinos Expediciones | Tours y Viajes a la Patagonia","url":"https:\/\/pinguinosexp.com\/pt-br\/","logo":{"@type":"ImageObject","inLanguage":"pt-BR","@id":"https:\/\/pinguinosexp.com\/pt-br\/#\/schema\/logo\/image\/","url":"https:\/\/pinguinosexp.com\/wp-content\/uploads\/2022\/04\/logo-menu-2-1.png","contentUrl":"https:\/\/pinguinosexp.com\/wp-content\/uploads\/2022\/04\/logo-menu-2-1.png","width":1174,"height":413,"caption":"Ping\u00fcinos Expediciones | Tours y Viajes a la Patagonia"},"image":{"@id":"https:\/\/pinguinosexp.com\/pt-br\/#\/schema\/logo\/image\/"},"sameAs":["https:\/\/www.facebook.com\/pinguinosexpediciones","https:\/\/www.instagram.com\/pinguinosexpushuaia"]}]}},"_links":{"self":[{"href":"https:\/\/pinguinosexp.com\/pt-br\/wp-json\/wp\/v2\/pages\/19085","targetHints":{"allow":["GET"]}}],"collection":[{"href":"https:\/\/pinguinosexp.com\/pt-br\/wp-json\/wp\/v2\/pages"}],"about":[{"href":"https:\/\/pinguinosexp.com\/pt-br\/wp-json\/wp\/v2\/types\/page"}],"author":[{"embeddable":true,"href":"https:\/\/pinguinosexp.com\/pt-br\/wp-json\/wp\/v2\/users\/1"}],"replies":[{"embeddable":true,"href":"https:\/\/pinguinosexp.com\/pt-br\/wp-json\/wp\/v2\/comments?post=19085"}],"version-history":[{"count":0,"href":"https:\/\/pinguinosexp.com\/pt-br\/wp-json\/wp\/v2\/pages\/19085\/revisions"}],"wp:attachment":[{"href":"https:\/\/pinguinosexp.com\/pt-br\/wp-json\/wp\/v2\/media?parent=19085"}],"curies":[{"name":"wp","href":"https:\/\/api.w.org\/{rel}","templated":true}]}}